{"id":69,"date":"2020-05-14T16:49:00","date_gmt":"2020-05-14T13:49:00","guid":{"rendered":"http:\/\/dropsmedikal.com\/index.php\/about\/"},"modified":"2022-04-01T13:02:54","modified_gmt":"2022-04-01T10:02:54","slug":"hakkimizda","status":"publish","type":"page","link":"https:\/\/dropsmedikal.com\/index.php\/hakkimizda\/","title":{"rendered":"Hakk\u0131m\u0131zda"},"content":{"rendered":"\t\t<div data-elementor-type=\"wp-page\" data-elementor-id=\"69\" class=\"elementor elementor-69\">\n\t\t\t\t\t\t<div class=\"elementor-inner\">\n\t\t\t\t<div class=\"elementor-section-wrap\">\n\t\t\t\t\t\t\t\t\t<section class=\"elementor-section elementor-top-section elementor-element elementor-element-0e8869c elementor-section-boxed elementor-section-height-default elementor-section-height-default\" data-id=\"0e8869c\" data-element_type=\"section\">\n\t\t\t\t\t\t<div class=\"elementor-container elementor-column-gap-no\">\n\t\t\t\t\t\t\t<div class=\"elementor-row\">\n\t\t\t\t\t<div class=\"aux-parallax-section elementor-column elementor-col-50 elementor-top-column elementor-element elementor-element-f45cee5\" data-id=\"f45cee5\" data-element_type=\"column\">\n\t\t\t<div class=\"elementor-column-wrap elementor-element-populated\">\n\t\t\t\t\t\t\t<div class=\"elementor-widget-wrap\">\n\t\t\t\t\t\t<div class=\"aux-scroll-anim elementor-element elementor-element-e7f6f57 elementor-widget__width-auto aux-appear-watch-animation aux-scale-up-1 elementor-widget elementor-widget-aux_simple_svg\" data-move-in=\"moveHorizontal\" data-move-out=\"moveHorizontal\" data-axis-x=\"50\" data-axis-y=\"200\" data-rotate=\"90\" data-scale=\"1\" data-vp-top=\"0.5\" data-vp-bot=\"0.5\" data-el-top=\"0.2\" data-scroll-animation-off=\"1024\" data-id=\"e7f6f57\" data-element_type=\"widget\" data-widget_type=\"aux_simple_svg.default\">\n\t\t\t\t<div class=\"elementor-widget-container\">\n\t\t\t    <div class=\"aux-widget-container aux-simple-svg-container\">\n        <div class=\"aux-widget-container-inner\">\n            <div class=\"aux-the-svg\"><img decoding=\"async\" src=\"https:\/\/dropsmedikal.com\/wp-content\/uploads\/2020\/05\/Subtraction-3.svg\" title=\"demo-attachment-37-Subtraction-3\" alt=\"demo-attachment-37-Subtraction-3\" \/><\/div>\n        <\/div>\n    <\/div>\n    \t\t<\/div>\n\t\t\t\t<\/div>\n\t\t\t\t<div class=\"elementor-element elementor-element-cf81117 aux-appear-watch-animation aux-fade-in-up-1 elementor-widget elementor-widget-aux_modern_heading\" data-id=\"cf81117\" data-element_type=\"widget\" data-widget_type=\"aux_modern_heading.default\">\n\t\t\t\t<div class=\"elementor-widget-container\">\n\t\t\t<section class=\"aux-widget-modern-heading\">\n            <div class=\"aux-widget-inner\"><h2 class=\"aux-modern-heading-primary\">Hakk\u0131m\u0131zda<\/h2><h3 class=\"aux-modern-heading-secondary\"><span class=\"aux-head-before\">Drops Medikal<\/span><\/h3><div class=\"aux-modern-heading-divider\"><\/div><\/div>\n        <\/section>\t\t<\/div>\n\t\t\t\t<\/div>\n\t\t\t\t\t\t<\/div>\n\t\t\t\t\t<\/div>\n\t\t<\/div>\n\t\t\t\t<div class=\"aux-parallax-section elementor-column elementor-col-50 elementor-top-column elementor-element elementor-element-35ef1b9\" data-id=\"35ef1b9\" data-element_type=\"column\">\n\t\t\t<div class=\"elementor-column-wrap elementor-element-populated\">\n\t\t\t\t\t\t\t<div class=\"elementor-widget-wrap\">\n\t\t\t\t\t\t<div class=\"elementor-element elementor-element-dc59d7c aux-appear-watch-animation aux-fade-in-right elementor-widget elementor-widget-text-editor\" data-id=\"dc59d7c\" data-element_type=\"widget\" data-widget_type=\"text-editor.default\">\n\t\t\t\t<div class=\"elementor-widget-container\">\n\t\t\t\t\t\t\t\t<div class=\"elementor-text-editor elementor-clearfix\">\n\t\t\t\t\t\t\t\t\t<\/div>\n\t\t\t\t\t\t<\/div>\n\t\t\t\t<\/div>\n\t\t\t\t\t\t<\/div>\n\t\t\t\t\t<\/div>\n\t\t<\/div>\n\t\t\t\t\t\t\t\t<\/div>\n\t\t\t\t\t<\/div>\n\t\t<\/section>\n\t\t\t\t<section class=\"elementor-section elementor-top-section elementor-element elementor-element-a5b3f47 elementor-section-boxed elementor-section-height-default elementor-section-height-default\" data-id=\"a5b3f47\" data-element_type=\"section\">\n\t\t\t\t\t\t<div class=\"elementor-container elementor-column-gap-no\">\n\t\t\t\t\t\t\t<div class=\"elementor-row\">\n\t\t\t\t\t<div class=\"aux-parallax-section elementor-column elementor-col-50 elementor-top-column elementor-element elementor-element-e3bb331\" data-id=\"e3bb331\" data-element_type=\"column\">\n\t\t\t<div class=\"elementor-column-wrap elementor-element-populated\">\n\t\t\t\t\t\t\t<div class=\"elementor-widget-wrap\">\n\t\t\t\t\t\t<div class=\"elementor-element elementor-element-58ef34f elementor-widget elementor-widget-image\" data-id=\"58ef34f\" data-element_type=\"widget\" data-widget_type=\"image.default\">\n\t\t\t\t<div class=\"elementor-widget-container\">\n\t\t\t\t\t\t\t\t<div class=\"elementor-image\">\n\t\t\t\t\t\t\t\t\t\t\t\t<img loading=\"lazy\" decoding=\"async\" width=\"1024\" height=\"997\" src=\"https:\/\/dropsmedikal.com\/wp-content\/uploads\/2022\/03\/WEB-PrintMate-AS-Slidemate-1024x997-1.jpg\" class=\"attachment-large size-large\" alt=\"\" \/>\t\t\t\t\t\t\t\t\t\t\t\t\t\t<\/div>\n\t\t\t\t\t\t<\/div>\n\t\t\t\t<\/div>\n\t\t\t\t\t\t<\/div>\n\t\t\t\t\t<\/div>\n\t\t<\/div>\n\t\t\t\t<div class=\"aux-parallax-section elementor-column elementor-col-50 elementor-top-column elementor-element elementor-element-52f1d6f\" data-id=\"52f1d6f\" data-element_type=\"column\">\n\t\t\t<div class=\"elementor-column-wrap elementor-element-populated\">\n\t\t\t\t\t\t\t<div class=\"elementor-widget-wrap\">\n\t\t\t\t\t\t<div class=\"elementor-element elementor-element-4f1a395 aux-appear-watch-animation aux-fade-in-right elementor-widget elementor-widget-text-editor\" data-id=\"4f1a395\" data-element_type=\"widget\" data-widget_type=\"text-editor.default\">\n\t\t\t\t<div class=\"elementor-widget-container\">\n\t\t\t\t\t\t\t\t<div class=\"elementor-text-editor elementor-clearfix\">\n\t\t\t\t<p style=\"text-align: left;\">Drops Medikal Cihazlar\u015eirketi ,sa\u011fl\u0131k sekt\u00f6r\u00fcnde 10 y\u0131l\u0131 a\u015fk\u0131n meslek hayat\u0131 boyuncaedindi\u011fi bilgi ve tecr\u00fcbeleri sonucunda, biyomedikal teknik servis hizmetleri, klinik m\u00fchendislik ve sat\u0131\u015f pazarlama \u00a0alan\u0131nda sizlere destek \u00a0olmak ad\u0131na 2021 y\u0131l\u0131nda kurulmu\u015f gen\u00e7, dinamik ve azimli \u00a0bir \u015firkettir.<\/p><p style=\"text-align: left;\">G\u00fc\u00e7l\u00fc \u00e7\u00f6z\u00fcm ortaklar\u0131m\u0131zla beraber ,m\u00fc\u015fteri memnuniyeti ve sonu\u00e7 odakl\u0131 \u00e7al\u0131\u015fmay\u0131 ilke edinen ; kaliteli hizmeti, olabildi\u011fince ekonomik ve h\u0131zl\u0131 olarak siz de\u011ferli m\u00fc\u015fterilerimize sunmay\u0131 hedeflemekteyiz.<\/p><p style=\"text-align: left;\">Firmam\u0131z sat\u0131\u015f sonras\u0131 hizmet ve deste\u011fe \u00e7ok \u00f6nem vermektedir. Sizler de \u00a0bilirsiniz ki herhangi bir \u00fcr\u00fcn\u00fcn kalitesini \u00fcr\u00fcn\u00fcn kendisi de\u011fil,verilen servisi ve hizmeti\u00a0 belirlemektedir. Bu sebeple sat\u0131\u015f ve sonras\u0131nda alan\u0131nda uzman ekip arkada\u015flar\u0131m\u0131zile ,T\u00fcm kamu ve \u00f6zel hastanelere kaliteli \u00a0\u00fcr\u00fcn ve hizmet sunarak, s\u00fcrekli ve g\u00fcvenilir, 7\/24 kesintisiz \u00fcr\u00fcn hizmeti ve teknik servis deste\u011fi sa\u011flamaktay\u0131z.<\/p>\t\t\t\t\t<\/div>\n\t\t\t\t\t\t<\/div>\n\t\t\t\t<\/div>\n\t\t\t\t\t\t<\/div>\n\t\t\t\t\t<\/div>\n\t\t<\/div>\n\t\t\t\t\t\t\t\t<\/div>\n\t\t\t\t\t<\/div>\n\t\t<\/section>\n\t\t\t\t<section class=\"elementor-section elementor-top-section elementor-element elementor-element-4b2f7e4 elementor-section-content-middle aux-appear-watch-animation aux-fade-in-up-1 elementor-section-boxed elementor-section-height-default elementor-section-height-default\" data-id=\"4b2f7e4\" data-element_type=\"section\">\n\t\t\t\t\t\t<div class=\"elementor-container elementor-column-gap-no\">\n\t\t\t\t\t\t\t<div class=\"elementor-row\">\n\t\t\t\t\t<div class=\"aux-parallax-section elementor-column elementor-col-33 elementor-top-column elementor-element elementor-element-d29976c\" data-id=\"d29976c\" data-element_type=\"column\">\n\t\t\t<div class=\"elementor-column-wrap elementor-element-populated\">\n\t\t\t\t\t\t\t<div class=\"elementor-widget-wrap\">\n\t\t\t\t\t\t<div class=\"elementor-element elementor-element-793adcc elementor-widget elementor-widget-aux_image\" data-id=\"793adcc\" data-element_type=\"widget\" data-widget_type=\"aux_image.default\">\n\t\t\t\t<div class=\"elementor-widget-container\">\n\t\t\t<section class=\"widget-container aux-widget-image aux-alignnone aux-parent-auf45b81d6\" style=\"\" >\n    <div class=\"aux-media-hint-frame \">\n        <div class=\"aux-media-image \" >\n        \n            \n\n            \n            <img loading=\"lazy\" decoding=\"async\" width=\"600\" height=\"600\" src=\"https:\/\/dropsmedikal.com\/wp-content\/uploads\/2022\/03\/microm-hm-525-cryostat.jpg\" class=\"aux-attachment aux-featured-image aux-attachment-id-214\" alt=\"microm-hm-525-cryostat\" data-ratio=\"1\" data-original-w=\"600\" \/>            \n                <\/div>\n    <\/div>\n\n<\/section><!-- widget-container -->\t\t<\/div>\n\t\t\t\t<\/div>\n\t\t\t\t\t\t<\/div>\n\t\t\t\t\t<\/div>\n\t\t<\/div>\n\t\t\t\t<div class=\"aux-parallax-section elementor-column elementor-col-33 elementor-top-column elementor-element elementor-element-e18786f\" data-id=\"e18786f\" data-element_type=\"column\">\n\t\t\t<div class=\"elementor-column-wrap elementor-element-populated\">\n\t\t\t\t\t\t\t<div class=\"elementor-widget-wrap\">\n\t\t\t\t\t\t<div class=\"elementor-element elementor-element-b66bf53 elementor-widget elementor-widget-aux_image\" data-id=\"b66bf53\" data-element_type=\"widget\" data-widget_type=\"aux_image.default\">\n\t\t\t\t<div class=\"elementor-widget-container\">\n\t\t\t<section class=\"widget-container aux-widget-image aux-alignnone aux-parent-aue9fe87c8\" style=\"\" >\n    <div class=\"aux-media-hint-frame \">\n        <div class=\"aux-media-image \" >\n        \n            \n\n            \n            <img loading=\"lazy\" decoding=\"async\" width=\"473\" height=\"355\" src=\"https:\/\/dropsmedikal.com\/wp-content\/uploads\/2022\/03\/7722-Xpress-x120-2008-0026.jpg\" class=\"aux-attachment aux-featured-image aux-attachment-id-201\" alt=\"????????????????\" data-ratio=\"1.33\" data-original-w=\"473\" \/>            \n                <\/div>\n    <\/div>\n\n<\/section><!-- widget-container -->\t\t<\/div>\n\t\t\t\t<\/div>\n\t\t\t\t\t\t<\/div>\n\t\t\t\t\t<\/div>\n\t\t<\/div>\n\t\t\t\t<div class=\"aux-parallax-section elementor-column elementor-col-33 elementor-top-column elementor-element elementor-element-09d3847\" data-id=\"09d3847\" data-element_type=\"column\">\n\t\t\t<div class=\"elementor-column-wrap elementor-element-populated\">\n\t\t\t\t\t\t\t<div class=\"elementor-widget-wrap\">\n\t\t\t\t\t\t<section class=\"elementor-section elementor-inner-section elementor-element elementor-element-36ee0c4 elementor-section-content-middle elementor-section-boxed elementor-section-height-default elementor-section-height-default\" data-id=\"36ee0c4\" data-element_type=\"section\" data-settings=\"{&quot;background_background&quot;:&quot;gradient&quot;}\">\n\t\t\t\t\t\t<div class=\"elementor-container elementor-column-gap-no\">\n\t\t\t\t\t\t\t<div class=\"elementor-row\">\n\t\t\t\t\t<div class=\"aux-parallax-section elementor-column elementor-col-100 elementor-inner-column elementor-element elementor-element-e19e8d3\" data-id=\"e19e8d3\" data-element_type=\"column\">\n\t\t\t<div class=\"elementor-column-wrap elementor-element-populated\">\n\t\t\t\t\t\t\t<div class=\"elementor-widget-wrap\">\n\t\t\t\t\t\t<div class=\"elementor-element elementor-element-c092c04 elementor-widget elementor-widget-heading\" data-id=\"c092c04\" data-element_type=\"widget\" data-widget_type=\"heading.default\">\n\t\t\t\t<div class=\"elementor-widget-container\">\n\t\t\t<h2 class=\"elementor-heading-title elementor-size-default\">\u00c7al\u0131\u015fma Saatleri<\/h2>\t\t<\/div>\n\t\t\t\t<\/div>\n\t\t\t\t<div class=\"elementor-element elementor-element-bd26ab6 elementor-widget elementor-widget-aux_icon_list\" data-id=\"bd26ab6\" data-element_type=\"widget\" data-widget_type=\"aux_icon_list.default\">\n\t\t\t\t<div class=\"elementor-widget-container\">\n\t\t\t<section class=\"widget-container aux-widget-icon-list aux-parent-au91aa0256\" style=\"\" ><div class=\"widget-inner\"><div class=\"aux-widget-icon-list-inner\"><ul class=\"aux-icon-list-items aux-direction-default\" ><li class=\"aux-icon-list-item aux-list-item-has-connector aux-list-item-has-icon aux-icon-list-item-7cca503 elementor-repeater-item-7cca503\" ><span class=\"aux-icon-list-text\" >Pazartesi<\/span><span class=\"aux-list-connector\" ><\/span><span class=\"aux-icon-list-text2\" >09.00 - 17.00<\/span><\/li><li class=\"aux-icon-list-item aux-list-item-has-connector aux-list-item-has-icon aux-icon-list-item-8c5ae6f elementor-repeater-item-8c5ae6f\" ><span class=\"aux-icon-list-text\" >Sal\u0131<\/span><span class=\"aux-list-connector\" ><\/span><span class=\"aux-icon-list-text2\" >09.00 - 17.00<\/span><\/li><li class=\"aux-icon-list-item aux-list-item-has-connector aux-list-item-has-icon aux-icon-list-item-8e9914f elementor-repeater-item-8e9914f\" ><span class=\"aux-icon-list-text\" >\u00c7ar\u015famba<\/span><span class=\"aux-list-connector\" ><\/span><span class=\"aux-icon-list-text2\" >09.00 - 17.00<\/span><\/li><li class=\"aux-icon-list-item aux-list-item-has-connector aux-list-item-has-icon aux-icon-list-item-c41bf98 elementor-repeater-item-c41bf98\" ><span class=\"aux-icon-list-text\" >Per\u015fembe<\/span><span class=\"aux-list-connector\" ><\/span><span class=\"aux-icon-list-text2\" >09.00 - 17.00<\/span><\/li><li class=\"aux-icon-list-item aux-list-item-has-connector aux-list-item-has-icon aux-icon-list-item-a62d67d elementor-repeater-item-a62d67d\" ><span class=\"aux-icon-list-text\" >Cuma<\/span><span class=\"aux-list-connector\" ><\/span><span class=\"aux-icon-list-text2\" >09.00 - 17.00<\/span><\/li><li class=\"aux-icon-list-item aux-list-item-has-connector aux-list-item-has-icon aux-icon-list-item-e54abf0 elementor-repeater-item-e54abf0\" ><span class=\"aux-icon-list-text\" >Cumartesi<\/span><span class=\"aux-list-connector\" ><\/span><span class=\"aux-icon-list-text2\" >09.00 - 17.00<\/span><\/li><\/ul><\/div><\/div><\/section><!-- widget-container -->\t\t<\/div>\n\t\t\t\t<\/div>\n\t\t\t\t\t\t<\/div>\n\t\t\t\t\t<\/div>\n\t\t<\/div>\n\t\t\t\t\t\t\t\t<\/div>\n\t\t\t\t\t<\/div>\n\t\t<\/section>\n\t\t\t\t\t\t<\/div>\n\t\t\t\t\t<\/div>\n\t\t<\/div>\n\t\t\t\t\t\t\t\t<\/div>\n\t\t\t\t\t<\/div>\n\t\t<\/section>\n\t\t\t\t<section class=\"elementor-section elementor-top-section elementor-element elementor-element-ab0f3c6 elementor-section-content-middle elementor-reverse-tablet elementor-reverse-mobile elementor-section-boxed elementor-section-height-default elementor-section-height-default\" data-id=\"ab0f3c6\" data-element_type=\"section\">\n\t\t\t\t\t\t<div class=\"elementor-container elementor-column-gap-no\">\n\t\t\t\t\t\t\t<div class=\"elementor-row\">\n\t\t\t\t\t<div class=\"aux-parallax-section elementor-column elementor-col-50 elementor-top-column elementor-element elementor-element-b0bbbba\" data-id=\"b0bbbba\" data-element_type=\"column\">\n\t\t\t<div class=\"elementor-column-wrap elementor-element-populated\">\n\t\t\t\t\t\t\t<div class=\"elementor-widget-wrap\">\n\t\t\t\t\t\t<div class=\"elementor-element elementor-element-5049a08 aux-appear-watch-animation aux-fade-in-left-1 elementor-widget elementor-widget-aux_image\" data-id=\"5049a08\" data-element_type=\"widget\" data-widget_type=\"aux_image.default\">\n\t\t\t\t<div class=\"elementor-widget-container\">\n\t\t\t<section class=\"widget-container aux-widget-image aux-alignnone aux-parent-auae25d9ae\" style=\"\" >\n    <div class=\"aux-media-hint-frame \">\n        <div class=\"aux-media-image \" >\n        \n            \n\n            \n            <img loading=\"lazy\" decoding=\"async\" width=\"811\" height=\"399\" src=\"https:\/\/dropsmedikal.com\/wp-content\/uploads\/2022\/03\/makroskopi-resim.png\" class=\"aux-attachment aux-featured-image aux-attachment-id-213\" alt=\"makroskopi resim\" data-ratio=\"2.03\" data-original-w=\"811\" \/>            \n                <\/div>\n    <\/div>\n\n<\/section><!-- widget-container -->\t\t<\/div>\n\t\t\t\t<\/div>\n\t\t\t\t\t\t<\/div>\n\t\t\t\t\t<\/div>\n\t\t<\/div>\n\t\t\t\t<div class=\"aux-parallax-section elementor-column elementor-col-50 elementor-top-column elementor-element elementor-element-a2f5ed7\" data-id=\"a2f5ed7\" data-element_type=\"column\">\n\t\t\t<div class=\"elementor-column-wrap elementor-element-populated\">\n\t\t\t\t\t\t\t<div class=\"elementor-widget-wrap\">\n\t\t\t\t\t\t<div class=\"elementor-element elementor-element-c236828 elementor-widget__width-auto elementor-widget elementor-widget-aux_simple_svg\" data-id=\"c236828\" data-element_type=\"widget\" data-widget_type=\"aux_simple_svg.default\">\n\t\t\t\t<div class=\"elementor-widget-container\">\n\t\t\t    <div class=\"aux-widget-container aux-simple-svg-container\">\n        <div class=\"aux-widget-container-inner\">\n            <div class=\"aux-the-svg\"><img decoding=\"async\" src=\"https:\/\/dropsmedikal.com\/wp-content\/uploads\/2020\/05\/Subtraction-4.svg\" title=\"demo-attachment-228-Subtraction-4\" alt=\"demo-attachment-228-Subtraction-4\" \/><\/div>\n        <\/div>\n    <\/div>\n    \t\t<\/div>\n\t\t\t\t<\/div>\n\t\t\t\t<div class=\"elementor-element elementor-element-f318313 aux-appear-watch-animation aux-fade-in-up elementor-widget elementor-widget-aux_modern_heading\" data-id=\"f318313\" data-element_type=\"widget\" data-widget_type=\"aux_modern_heading.default\">\n\t\t\t\t<div class=\"elementor-widget-container\">\n\t\t\t<section class=\"aux-widget-modern-heading\">\n            <div class=\"aux-widget-inner\"><h2 class=\"aux-modern-heading-primary\"><\/h2><h3 class=\"aux-modern-heading-secondary\"><span class=\"aux-head-before\">Vizyonumuz<\/span><\/h3><div class=\"aux-modern-heading-divider\"><\/div><div class=\"aux-modern-heading-description\"><p>T\u00fcrkiye\u2019nin her zaman g\u00fcvenilir ve tercih edilen medikal \u015firketlerinden biri olmak.<\/p><p>Verdi\u011fimiz Hizmet ve her daim arkas\u0131nda duraca\u011f\u0131m\u0131z \u00fcr\u00fcnlerimiz ile t\u00fcketicinin tercihinde s\u00fcreklili\u011fi sa\u011flamak.<\/p><\/div><\/div>\n        <\/section>\t\t<\/div>\n\t\t\t\t<\/div>\n\t\t\t\t<div class=\"elementor-element elementor-element-de1920e elementor-widget elementor-widget-spacer\" data-id=\"de1920e\" data-element_type=\"widget\" data-widget_type=\"spacer.default\">\n\t\t\t\t<div class=\"elementor-widget-container\">\n\t\t\t\t\t<div class=\"elementor-spacer\">\n\t\t\t<div class=\"elementor-spacer-inner\"><\/div>\n\t\t<\/div>\n\t\t\t\t<\/div>\n\t\t\t\t<\/div>\n\t\t\t\t\t\t<\/div>\n\t\t\t\t\t<\/div>\n\t\t<\/div>\n\t\t\t\t\t\t\t\t<\/div>\n\t\t\t\t\t<\/div>\n\t\t<\/section>\n\t\t\t\t<section class=\"elementor-section elementor-top-section elementor-element elementor-element-684e577 elementor-section-content-middle elementor-section-boxed elementor-section-height-default elementor-section-height-default\" data-id=\"684e577\" data-element_type=\"section\">\n\t\t\t\t\t\t<div class=\"elementor-container elementor-column-gap-no\">\n\t\t\t\t\t\t\t<div class=\"elementor-row\">\n\t\t\t\t\t<div class=\"aux-parallax-section elementor-column elementor-col-50 elementor-top-column elementor-element elementor-element-2a1fa2d\" data-id=\"2a1fa2d\" data-element_type=\"column\">\n\t\t\t<div class=\"elementor-column-wrap elementor-element-populated\">\n\t\t\t\t\t\t\t<div class=\"elementor-widget-wrap\">\n\t\t\t\t\t\t<div class=\"elementor-element elementor-element-ef99f6e elementor-widget__width-auto aux-appear-watch-animation aux-scale-up elementor-widget elementor-widget-aux_simple_svg\" data-id=\"ef99f6e\" data-element_type=\"widget\" data-widget_type=\"aux_simple_svg.default\">\n\t\t\t\t<div class=\"elementor-widget-container\">\n\t\t\t    <div class=\"aux-widget-container aux-simple-svg-container\">\n        <div class=\"aux-widget-container-inner\">\n            <div class=\"aux-the-svg\"><img decoding=\"async\" src=\"https:\/\/dropsmedikal.com\/wp-content\/uploads\/2020\/05\/Subtraction-3.svg\" title=\"demo-attachment-37-Subtraction-3\" alt=\"demo-attachment-37-Subtraction-3\" \/><\/div>\n        <\/div>\n    <\/div>\n    \t\t<\/div>\n\t\t\t\t<\/div>\n\t\t\t\t<div class=\"elementor-element elementor-element-e024f9c aux-appear-watch-animation aux-fade-in-up elementor-widget elementor-widget-aux_modern_heading\" data-id=\"e024f9c\" data-element_type=\"widget\" data-widget_type=\"aux_modern_heading.default\">\n\t\t\t\t<div class=\"elementor-widget-container\">\n\t\t\t<section class=\"aux-widget-modern-heading\">\n            <div class=\"aux-widget-inner\"><h2 class=\"aux-modern-heading-primary\"><\/h2><h3 class=\"aux-modern-heading-secondary\"><span class=\"aux-head-before\">Misyonumuz<\/span><\/h3><div class=\"aux-modern-heading-divider\"><\/div><div class=\"aux-modern-heading-description\"><p>Hastanelerimizin ihtiya\u00e7lar\u0131na y\u00f6nelik, h\u0131zl\u0131, kolay ula\u015f\u0131labilir ve g\u00fcvenilir hizmetleri sunarak toplumumuzun ve hastalar\u0131n,kesintisiz , kalitelisa\u011fl\u0131k hizmetlerine ula\u015fmas\u0131nda ve sa\u011fl\u0131k sekt\u00f6r\u00fcn\u00fcn geli\u015fmesinde, gerek sat\u0131\u015f gerekse sat\u0131\u015f sonras\u0131 hizmetlerde maksimum katk\u0131y\u0131 sa\u011flamakt\u0131r.<\/p><\/div><\/div>\n        <\/section>\t\t<\/div>\n\t\t\t\t<\/div>\n\t\t\t\t<div class=\"elementor-element elementor-element-499beb2 elementor-widget elementor-widget-spacer\" data-id=\"499beb2\" data-element_type=\"widget\" data-widget_type=\"spacer.default\">\n\t\t\t\t<div class=\"elementor-widget-container\">\n\t\t\t\t\t<div class=\"elementor-spacer\">\n\t\t\t<div class=\"elementor-spacer-inner\"><\/div>\n\t\t<\/div>\n\t\t\t\t<\/div>\n\t\t\t\t<\/div>\n\t\t\t\t\t\t<\/div>\n\t\t\t\t\t<\/div>\n\t\t<\/div>\n\t\t\t\t<div class=\"aux-parallax-section elementor-column elementor-col-50 elementor-top-column elementor-element elementor-element-4836021\" data-id=\"4836021\" data-element_type=\"column\">\n\t\t\t<div class=\"elementor-column-wrap elementor-element-populated\">\n\t\t\t\t\t\t\t<div class=\"elementor-widget-wrap\">\n\t\t\t\t\t\t<div class=\"elementor-element elementor-element-259a848 aux-appear-watch-animation aux-fade-in-right-1 elementor-widget elementor-widget-aux_image\" data-id=\"259a848\" data-element_type=\"widget\" data-widget_type=\"aux_image.default\">\n\t\t\t\t<div class=\"elementor-widget-container\">\n\t\t\t<section class=\"widget-container aux-widget-image aux-alignnone aux-parent-au291701b4\" style=\"\" >\n    <div class=\"aux-media-hint-frame \">\n        <div class=\"aux-media-image \" >\n        \n            \n\n            \n            <img loading=\"lazy\" decoding=\"async\" width=\"811\" height=\"399\" src=\"https:\/\/dropsmedikal.com\/wp-content\/uploads\/2022\/03\/e283ef9a054254089bf514896e82429e_811x399.jpg\" class=\"aux-attachment aux-featured-image aux-attachment-id-222\" alt=\"e283ef9a054254089bf514896e82429e_811x399\" data-ratio=\"2.03\" data-original-w=\"811\" \/>            \n                <\/div>\n    <\/div>\n\n<\/section><!-- widget-container -->\t\t<\/div>\n\t\t\t\t<\/div>\n\t\t\t\t\t\t<\/div>\n\t\t\t\t\t<\/div>\n\t\t<\/div>\n\t\t\t\t\t\t\t\t<\/div>\n\t\t\t\t\t<\/div>\n\t\t<\/section>\n\t\t\t\t\t\t\t\t\t<\/div>\n\t\t\t<\/div>\n\t\t\t\t\t<\/div>\n\t\t","protected":false},"excerpt":{"rendered":"<p>Hakk\u0131m\u0131zda Drops Medikal Drops Medikal Cihazlar\u015eirketi ,sa\u011fl\u0131k sekt\u00f6r\u00fcnde 10 y\u0131l\u0131 a\u015fk\u0131n meslek hayat\u0131 boyuncaedindi\u011fi bilgi ve tecr\u00fcbeleri sonucunda, biyomedikal teknik servis hizmetleri, klinik m\u00fchendislik ve sat\u0131\u015f pazarlama &nbsp;alan\u0131nda sizlere destek &nbsp;olmak ad\u0131na 2021 y\u0131l\u0131nda kurulmu\u015f gen\u00e7, dinamik ve azimli &nbsp;bir \u015firkettir. G\u00fc\u00e7l\u00fc \u00e7\u00f6z\u00fcm ortaklar\u0131m\u0131zla beraber ,m\u00fc\u015fteri memnuniyeti ve sonu\u00e7 odakl\u0131 \u00e7al\u0131\u015fmay\u0131 ilke edinen ; kaliteli [&hellip;]<\/p>\n","protected":false},"author":1,"featured_media":0,"parent":0,"menu_order":0,"comment_status":"closed","ping_status":"closed","template":"templates\/page-builder-content.php","meta":{"footnotes":""},"class_list":["post-69","page","type-page","status-publish","hentry"],"_links":{"self":[{"href":"https:\/\/dropsmedikal.com\/index.php\/wp-json\/wp\/v2\/pages\/69","targetHints":{"allow":["GET"]}}],"collection":[{"href":"https:\/\/dropsmedikal.com\/index.php\/wp-json\/wp\/v2\/pages"}],"about":[{"href":"https:\/\/dropsmedikal.com\/index.php\/wp-json\/wp\/v2\/types\/page"}],"author":[{"embeddable":true,"href":"https:\/\/dropsmedikal.com\/index.php\/wp-json\/wp\/v2\/users\/1"}],"replies":[{"embeddable":true,"href":"https:\/\/dropsmedikal.com\/index.php\/wp-json\/wp\/v2\/comments?post=69"}],"version-history":[{"count":11,"href":"https:\/\/dropsmedikal.com\/index.php\/wp-json\/wp\/v2\/pages\/69\/revisions"}],"predecessor-version":[{"id":547,"href":"https:\/\/dropsmedikal.com\/index.php\/wp-json\/wp\/v2\/pages\/69\/revisions\/547"}],"wp:attachment":[{"href":"https:\/\/dropsmedikal.com\/index.php\/wp-json\/wp\/v2\/media?parent=69"}],"curies":[{"name":"wp","href":"https:\/\/api.w.org\/{rel}","templated":true}]}}